{"id":592,"date":"2023-04-19T13:36:45","date_gmt":"2023-04-19T13:36:45","guid":{"rendered":"https:\/\/kus-karla.it-devel.de\/?page_id=592"},"modified":"2023-05-30T13:00:21","modified_gmt":"2023-05-30T13:00:21","slug":"meine-motivation","status":"publish","type":"page","link":"https:\/\/kus-karla.it-devel.de\/?page_id=592","title":{"rendered":"Meine Motivation"},"content":{"rendered":"\n<p><strong>Nun gibt es noch die Frage zu kl\u00e4ren, warum ich das Projekt machen m\u00f6chte.<\/strong><br><br><br>Ich habe \u00fcber einen Bekannten von dem Projekt erfahren und war gleich selbst sehr<br>beeindruckt und begeistert. Meine Recherchen auf der Website von KUS (kus-projekt.de), wo ich viele anregende<br>Berichte und Informationen fand, motivierten mich zu meiner Bewerbung.<br><br>Ich bin vielseitig interessiert und l\u00f6se gerne knifflige Aufgaben. Dort gehe ich den Ursachen<br>mit viel Interesse und Neugierde auf den Grund, vor allem im technischen Bereich. Ich finde<br>praxisorientierten Unterricht spannender als theoretischen, wie es oft in der Schule der Fall<br>ist. Bei KUS sieht man etwas oder probiert es aus und lernt daraus, zum Beispiel Biologie im<br>Urwald oder mit Delfinen auf dem Ozean.<br><br>Mein Gro\u00dfvater war ein leidenschaftlicher Segler und segelte zum Teil sogar \u00fcber den<br>Atlantik. Wenn meine Familie und ich ihn am Bodensee besuchten, haben wir meistens auch<br>einen Tagesausflug mit seinem Schiff gemacht. So habe ich Interesse am Segeln bekommen.<br>Ich war einige Zeit im Segelverein, wo ich jeden Sonntag auf dem Neckar gesegelt bin. Auf<br>der Website von KUS erfuhr ich, dass man bei dem Projekt auch eine seem\u00e4nnische Ausbildung erh\u00e4lt. Das<br>interessiert mich sehr, weil ich die verschiedenen Aufgaben beim Segeln eines Dreimasters<br>kennenlernen m\u00f6chte wie z.B. navigieren nach Sternenstand, Kompass und Sextant, klettern<br>in der Takelage, steuern, Segel setzen etc.<br><br>Ein gro\u00dfes Schiff, wie die Thor Heyerdahl, kann man nicht alleine bedienen. Man braucht<br>dazu eine funktionierende Gemeinschaft. Vor allem, wenn das Schiff in einen Sturm ger\u00e4t.<br>Ich m\u00f6chte gerne ein Glied dieser Kette sein und meine F\u00e4higkeiten einbringen. Ich bin<br>praxisorientiert und kann gut zupacken. Au\u00dferdem m\u00f6chte ich meine Grenzen austesten,<br>um zu sehen, wie ich damit umgehen kann. Zu Hause gibt es solche Grenzsituationen selten,<br>wo man den Mut und Ehrgeiz aufbringen muss, durchzuhalten.<br><br>Auf der Website erf\u00e4hrt man auch, dass am Ende der Reise die Sch\u00fcler das Schiff eine Zeitlang<br>\u00fcbernehmen. Da reizt mich die Herausforderung, nur mit meinen Mitsch\u00fclern das Schiff zu<br>steuern und gemeinsam Probleme zu bew\u00e4ltigen. Durch die Verantwortung m\u00f6chte ich mein<br>Selbstvertrauen noch weiter st\u00e4rken.<br><br>Seit drei Jahren gehe ich w\u00f6chentlich zu den Pfadfindern. Wir sind viel drau\u00dfen und spielen<br>oder singen und machen Feuer. Gelegentlich gehen wir auf Fahrten oder Lager. Mit<br>zunehmendem Alter \u00fcbernehme ich dort mehr Verantwortung. Im Oktober habe ich an dem<br>Gruppenleiterlehrgang teilgenommen. Seit ein paar Wochen leite ich mit einem Pfadfinder auch eine eigene Gruppe.<br><br>Sowohl zu Hause als auch bei den Pfadfindern bastele ich sehr gerne, so habe ich viel<br>handwerkliches Geschick erworben. Zu Hause habe ich eine Werkstatt und eine Schmiede<br>zur Verf\u00fcgung. Mein l\u00e4ngstes Projekt, auf das ich sehr stolz bin, ist ein komplett<br>selbstgemachtes Klapp-Taschenmesser, wo ich die Klinge selbst geschmiedet habe, den Griff<br>selbst geschnitzt habe und den Sicherungsverschluss f\u00fcr das Auf- und Zuklappen selbst<br>konstruiert habe.<br><br>Ich besuche seit der 5. Klasse die Internationale Gesamtschule in Heidelberg und war in den<br>ersten zwei Jahren in der Radklasse. Sp\u00e4ter war ich als Mentor in der Werkstatt- und<br>Mountainbike-AG aktiv und habe meinen Lehrer unterst\u00fctzt.<br><br>Ich reise sehr gerne, und erlebe dort Abenteuer und sammele Erfahrung. Jedoch eine so<br>lange und weite Reise wie bei KUS habe ich noch nie gemacht. Auf dem Segelt\u00f6rn freue ich<br>mich, die Lebensweise und Landschaften anderer L\u00e4nder und das offene Meer<br>kennenzulernen.<\/p>\n\n\n\n<p><br>So, nun wisst ihr Bescheid, warum ich so gerne den T\u00f6rn machen m\u00f6chte. Wenn ihr noch mehr wissen wollt, fragt mich einfach, meine Kontaktdaten findet ihr beispielsweise <strong><a href=\"https:\/\/kus-karla.it-devel.de\/?page_id=125\">hier<\/a>.<\/strong><\/p>\n\n\n\n<p><br>Mit freundlichen Gr\u00fc\u00dfen<br>Karla Wagner<canvas width=\"958\" height=\"1355\"><\/canvas><\/p>\n\n\n\n<p><canvas width=\"958\" height=\"1355\">Selbstvertrauen noch weiter st\u00e4rken.<br>Seit drei Jahren gehe ich w\u00f6chentlich zu den Pfadfindern. Wir sind viel drau\u00dfen und spielen<br>oder singen und machen Feuer. Gelegentlich gehen wir auf Fahrten oder Lager. Mit<br>zunehmendem Alter \u00fcbernehme ich dort mehr Verantwortung. Im Oktober habe ich an dem<br>Gruppenleiterlehrgang teilgenommen. Im Fr\u00fchjahr m\u00f6chte ich mit einem weiteren<br>Pfadfinder eine neue Gruppe er\u00f6ffnen.<br>Sowohl zu Hause als auch bei den Pfadfindern bastele ich sehr gerne, so habe ich viel<br>handwerkliches Geschick erworben. Zu Hause habe ich eine Werkstatt und eine Schmiede<br>zur Verf\u00fcgung. Mein l\u00e4ngstes Projekt, auf das ich sehr stolz bin, ist ein komplett<br>selbstgemachtes Klapp-Taschenmesser, wo ich die Klinge selbst geschmiedet habe, den Griff<br>selbst geschnitzt habe und den Sicherungsverschluss f\u00fcr das Auf- und Zuklappen selbst<br>konstruiert habe.<br>Ich besuche seit der 5. Klasse die Internationale Gesamtschule in Heidelberg und war in den<br>ersten zwei Jahren in der Radklasse. Sp\u00e4ter war ich als Mentor in der Werkstatt- und<br>Mountainbike-AG aktiv und habe meinen Lehrer unterst\u00fctzt.<br>Ich reise sehr gerne, und erlebe dort Abenteuer und sammele Erfahrung. Jedoch eine so<br>lange und weite Reise wie bei KUS habe ich noch nie gemacht. Auf dem Segelt\u00f6rn freue ich<br>mich, die Lebensweise und Landschaften anderer L\u00e4nder und das offene Meer<br>kennenzulernen.<br>Vielen Dank, dass sie sich Zeit genommen haben. Ich freue mich auf Ihre R\u00fcckmeldung.<br>Mit freundlichen Gr\u00fc\u00dfen<br>Karla Wagner<canvas width=\"958\" height=\"1355\"><\/canvas><\/p>\n","protected":false},"excerpt":{"rendered":"<p>Nun gibt es noch die Frage zu kl\u00e4ren, warum ich das Projekt machen m\u00f6chte. Ich habe \u00fcber einen Bekannten von dem Projekt erfahren und war gleich selbst sehrbeeindruckt und begeistert. Meine Recherchen auf der Website von KUS (kus-projekt.de), wo ich viele anregendeBerichte und Informationen fand, motivierten mich zu meiner Bewerbung. Ich bin vielseitig interessiert und&hellip;&nbsp;<a href=\"https:\/\/kus-karla.it-devel.de\/?page_id=592\" class=\"\" rel=\"bookmark\">Weiterlesen &raquo;<span class=\"screen-reader-text\">Meine Motivation<\/span><\/a><\/p>\n","protected":false},"author":3,"featured_media":0,"parent":0,"menu_order":0,"comment_status":"closed","ping_status":"closed","template":"","meta":{"_stc_notifier_status":"","_stc_notifier_sent_time":"","_stc_notifier_request":false,"_stc_notifier_prevent":false,"_stc_subscriber_keywords":"","_stc_subscriber_search_areas":"","ngg_post_thumbnail":0,"neve_meta_sidebar":"","neve_meta_container":"","neve_meta_enable_content_width":"","neve_meta_content_width":0,"neve_meta_title_alignment":"","neve_meta_author_avatar":"","neve_post_elements_order":"","neve_meta_disable_header":"","neve_meta_disable_footer":"","neve_meta_disable_title":"","_ti_tpc_template_sync":false,"_ti_tpc_template_id":""},"uagb_featured_image_src":{"full":false,"thumbnail":false,"medium":false,"medium_large":false,"large":false,"1536x1536":false,"2048x2048":false,"neve-blog":false},"uagb_author_info":{"display_name":"Karla","author_link":"https:\/\/kus-karla.it-devel.de\/?author=3"},"uagb_comment_info":0,"uagb_excerpt":"Nun gibt es noch die Frage zu kl\u00e4ren, warum ich das Projekt machen m\u00f6chte. Ich habe \u00fcber einen Bekannten von dem Projekt erfahren und war gleich selbst sehrbeeindruckt und begeistert. Meine Recherchen auf der Website von KUS (kus-projekt.de), wo ich viele anregendeBerichte und Informationen fand, motivierten mich zu meiner Bewerbung. Ich bin vielseitig interessiert und&hellip;&nbsp;Weiterlesen&hellip;","_links":{"self":[{"href":"https:\/\/kus-karla.it-devel.de\/index.php?rest_route=\/wp\/v2\/pages\/592"}],"collection":[{"href":"https:\/\/kus-karla.it-devel.de\/index.php?rest_route=\/wp\/v2\/pages"}],"about":[{"href":"https:\/\/kus-karla.it-devel.de\/index.php?rest_route=\/wp\/v2\/types\/page"}],"author":[{"embeddable":true,"href":"https:\/\/kus-karla.it-devel.de\/index.php?rest_route=\/wp\/v2\/users\/3"}],"replies":[{"embeddable":true,"href":"https:\/\/kus-karla.it-devel.de\/index.php?rest_route=%2Fwp%2Fv2%2Fcomments&post=592"}],"version-history":[{"count":5,"href":"https:\/\/kus-karla.it-devel.de\/index.php?rest_route=\/wp\/v2\/pages\/592\/revisions"}],"predecessor-version":[{"id":660,"href":"https:\/\/kus-karla.it-devel.de\/index.php?rest_route=\/wp\/v2\/pages\/592\/revisions\/660"}],"wp:attachment":[{"href":"https:\/\/kus-karla.it-devel.de\/index.php?rest_route=%2Fwp%2Fv2%2Fmedia&parent=592"}],"curies":[{"name":"wp","href":"https:\/\/api.w.org\/{rel}","templated":true}]}}