{"id":522,"date":"2023-04-13T13:15:56","date_gmt":"2023-04-13T13:15:56","guid":{"rendered":"https:\/\/kus-karla.it-devel.de\/?page_id=522"},"modified":"2023-04-15T07:39:16","modified_gmt":"2023-04-15T07:39:16","slug":"kus","status":"publish","type":"page","link":"https:\/\/kus-karla.it-devel.de\/?page_id=522","title":{"rendered":"KUS"},"content":{"rendered":"\n<p>Hattest du schon mal den Traum eine Abenteuerliche Seefahrt zu machen und viele neu Erfahrungen zu sammeln?<\/p>\n\n\n\n<div class=\"wp-block-columns\">\n<div class=\"wp-block-column\" style=\"flex-basis:100%\"><\/div>\n<\/div>\n\n\n\n<div class=\"wp-block-columns\">\n<div class=\"wp-block-column\" style=\"flex-basis:100%\">\n<div class=\"wp-block-columns\">\n<div class=\"wp-block-column\" style=\"flex-basis:100%\">\n<div class=\"wp-block-group\"><div class=\"wp-block-group__inner-container\">\n<div class=\"wp-block-columns\">\n<div class=\"wp-block-column\" style=\"flex-basis:100%\">\n<div class=\"wp-block-columns\">\n<div class=\"wp-block-column\">\n<figure class=\"wp-block-image size-large\"><img loading=\"lazy\" width=\"1024\" height=\"768\" src=\"https:\/\/kus-karla.it-devel.de\/wp-content\/uploads\/2023\/04\/DJI_0060-Kopie-1536x1152-1-1024x768.jpg\" alt=\"\" class=\"wp-image-546\" srcset=\"https:\/\/kus-karla.it-devel.de\/wp-content\/uploads\/2023\/04\/DJI_0060-Kopie-1536x1152-1-1024x768.jpg 1024w, https:\/\/kus-karla.it-devel.de\/wp-content\/uploads\/2023\/04\/DJI_0060-Kopie-1536x1152-1-300x225.jpg 300w, https:\/\/kus-karla.it-devel.de\/wp-content\/uploads\/2023\/04\/DJI_0060-Kopie-1536x1152-1-768x576.jpg 768w, https:\/\/kus-karla.it-devel.de\/wp-content\/uploads\/2023\/04\/DJI_0060-Kopie-1536x1152-1.jpg 1536w\" sizes=\"(max-width: 1024px) 100vw, 1024px\" \/><\/figure>\n\n\n\n<figure class=\"wp-block-image size-large\"><img loading=\"lazy\" width=\"683\" height=\"1024\" src=\"https:\/\/kus-karla.it-devel.de\/wp-content\/uploads\/2023\/04\/01-Endlich-laeuft-die-Thor-in-die-Schwentine-ein-683x1024.jpg\" alt=\"\" class=\"wp-image-514\" srcset=\"https:\/\/kus-karla.it-devel.de\/wp-content\/uploads\/2023\/04\/01-Endlich-laeuft-die-Thor-in-die-Schwentine-ein-683x1024.jpg 683w, https:\/\/kus-karla.it-devel.de\/wp-content\/uploads\/2023\/04\/01-Endlich-laeuft-die-Thor-in-die-Schwentine-ein-200x300.jpg 200w, https:\/\/kus-karla.it-devel.de\/wp-content\/uploads\/2023\/04\/01-Endlich-laeuft-die-Thor-in-die-Schwentine-ein-768x1152.jpg 768w, https:\/\/kus-karla.it-devel.de\/wp-content\/uploads\/2023\/04\/01-Endlich-laeuft-die-Thor-in-die-Schwentine-ein-1024x1536.jpg 1024w, https:\/\/kus-karla.it-devel.de\/wp-content\/uploads\/2023\/04\/01-Endlich-laeuft-die-Thor-in-die-Schwentine-ein.jpg 1182w\" sizes=\"(max-width: 683px) 100vw, 683px\" \/><\/figure>\n\n\n\n<figure class=\"wp-block-image size-large\"><img src=\"https:\/\/kus-karla.it-devel.de\/wp-content\/uploads\/2023\/04\/Route-1-1024x576.png\" alt=\"\" class=\"wp-image-555\"\/><\/figure>\n<\/div>\n\n\n\n<div class=\"wp-block-column\">\n<p>Bei dem Projekt Klassenzimmer unter Segeln (&#8222;KUS&#8220;) wird dieser Traum wahr. Dort ersetzten 34 Sch\u00fcler das Klassenzimmer durch ein Segelschiff.<\/p>\n\n\n\n<p>Um in den gro\u00dfen T\u00f6rn von 6,5 Monaten zu gelangen, muss man zwei Bewerbungsrunden erfolgreich hinter sich haben. In der ersten Runde schickt man eine schriftliche Bewerbung an das Sekretariat von KUS und 55 Sch\u00fcler werden von den ca. 160 Bewerben herausgepickt. In der zweiten Runde werden die 55 Sch\u00fcler auf das Schiff eingeladen, um einen einw\u00f6chigen Probet\u00f6rn zu absolvieren. Dort lernen die Sch\u00fcler die Crew, den Boardalltag und die Mitbewerber kennen.<\/p>\n\n\n\n<p>Wenn man angenommen wird, ist das Schiff f\u00fcr die 6,5 Monate das zu Hause, das Klassenzimmer und der komplette restliche Lebensraum. Doch ist man nicht durchgehend auf dem Schiff, es werden auch Landaufenthalte gemacht, beispielsweise auf den Kanaren, in Panama, in Kuba oder auf den Azoren. Dort lernt man die verschiedenen Kulturen und Landschaften kennen. Zum Beispiel den Urwald und nebenbei wird Biologie gemacht oder das Thema Delfin wird angesprochen, wenn gerade welche vorbeischwimmen. Der Unterricht wird bei KUS viel praxisorientierter vermittelt \u2013 man sieht etwas und lernt daraus. Dadurch wird die Motivation beim Lernen erh\u00f6ht und ein nahtloser \u00dcbergang zur alten Schule wird erm\u00f6glicht. Dennoch ist nur jeden zweiten Tag Unterricht, am anderen lernt man etwas \u00fcber das Segeln oder muss eine Wachschicht \u00fcbernehmen, schlie\u00dflich ist das ein 24 Stunden Schiffsbetrieb. W\u00e4hrend der 6,5 Monate erh\u00e4lt man so eine vollst\u00e4ndige seem\u00e4nnische Ausbildung. Au\u00dferdem Unterricht und der Ausbildung m\u00fcssen noch weitere Aufgaben erledigt werden, es gibt die Backschaft, wo man dann kochen muss und es gibt Reinschiff, wo geputzt wird. Auf so engem Raum ist Hygiene wichtig.<\/p>\n\n\n\n<p>Durch die alternativen Methoden, im Vergleich zum herk\u00f6mmlichen Unterricht, wird die Entwicklung der Pers\u00f6nlichkeit der Sch\u00fcler mehr unterst\u00fctzt. Spezielle Ziele sind beispielsweise, die Sch\u00fcler in ihrer Selbstst\u00e4ndigkeit, ihrer Eigeninitiative und ihrem Verantwortungsgef\u00fchl zu st\u00e4rken. Dies geschieht unter anderem in der Schiffs\u00fcbergabe, wo die Sch\u00fcler die Crew ersetzten und einen eigenen Kapit\u00e4n, Bootsmann und dergleichen w\u00e4hlen, sodass mehr Selbstvertrauen und Verantwortungsbewusstsein erzeugt wird. Die Sch\u00fcler sollen auch mit dem interkulturellen Kontakt auf die Anforderungen der heutigen komplexen und globalisierten Welt vorbereitet werden. Zusammenfassend kann man sagen, dass die Jugendlichen in ihrer M\u00fcndigkeit und Reife unterst\u00fctzt werden.<\/p>\n\n\n\n<p>Bei Fragen melde dich bei mir oder schaue auf der Website von KUS nach:<\/p>\n\n\n\n<p>E-Mail: <a href=\"mailto:immerMupfe@gmx.de\">immerMupfe@gmx.de<\/a><\/p>\n\n\n\n<p>Website: <a href=\"http:\/\/www.kus-projekt.de\/\">www.kus-projekt.de<\/a><\/p>\n\n\n\n<p><\/p>\n\n\n\n<p>Mit freundlichen Gr\u00fc\u00dfen<\/p>\n\n\n\n<p>Karla <\/p>\n<\/div>\n<\/div>\n<\/div>\n<\/div>\n<\/div><\/div>\n\n\n\n<p><\/p>\n<\/div>\n<\/div>\n<\/div>\n<\/div>\n","protected":false},"excerpt":{"rendered":"<p>Hattest du schon mal den Traum eine Abenteuerliche Seefahrt zu machen und viele neu Erfahrungen zu sammeln?<\/p>\n","protected":false},"author":3,"featured_media":0,"parent":0,"menu_order":0,"comment_status":"closed","ping_status":"closed","template":"","meta":{"_stc_notifier_status":"","_stc_notifier_sent_time":"","_stc_notifier_request":false,"_stc_notifier_prevent":false,"_stc_subscriber_keywords":"","_stc_subscriber_search_areas":"","ngg_post_thumbnail":0,"neve_meta_sidebar":"","neve_meta_container":"","neve_meta_enable_content_width":"","neve_meta_content_width":0,"neve_meta_title_alignment":"","neve_meta_author_avatar":"","neve_post_elements_order":"","neve_meta_disable_header":"","neve_meta_disable_footer":"","neve_meta_disable_title":"","_ti_tpc_template_sync":false,"_ti_tpc_template_id":""},"uagb_featured_image_src":{"full":false,"thumbnail":false,"medium":false,"medium_large":false,"large":false,"1536x1536":false,"2048x2048":false,"neve-blog":false},"uagb_author_info":{"display_name":"Karla","author_link":"https:\/\/kus-karla.it-devel.de\/?author=3"},"uagb_comment_info":0,"uagb_excerpt":"Hattest du schon mal den Traum eine Abenteuerliche Seefahrt zu machen und viele neu Erfahrungen zu sammeln?","_links":{"self":[{"href":"https:\/\/kus-karla.it-devel.de\/index.php?rest_route=\/wp\/v2\/pages\/522"}],"collection":[{"href":"https:\/\/kus-karla.it-devel.de\/index.php?rest_route=\/wp\/v2\/pages"}],"about":[{"href":"https:\/\/kus-karla.it-devel.de\/index.php?rest_route=\/wp\/v2\/types\/page"}],"author":[{"embeddable":true,"href":"https:\/\/kus-karla.it-devel.de\/index.php?rest_route=\/wp\/v2\/users\/3"}],"replies":[{"embeddable":true,"href":"https:\/\/kus-karla.it-devel.de\/index.php?rest_route=%2Fwp%2Fv2%2Fcomments&post=522"}],"version-history":[{"count":7,"href":"https:\/\/kus-karla.it-devel.de\/index.php?rest_route=\/wp\/v2\/pages\/522\/revisions"}],"predecessor-version":[{"id":565,"href":"https:\/\/kus-karla.it-devel.de\/index.php?rest_route=\/wp\/v2\/pages\/522\/revisions\/565"}],"wp:attachment":[{"href":"https:\/\/kus-karla.it-devel.de\/index.php?rest_route=%2Fwp%2Fv2%2Fmedia&parent=522"}],"curies":[{"name":"wp","href":"https:\/\/api.w.org\/{rel}","templated":true}]}}