{"id":311,"date":"2021-02-10T17:35:15","date_gmt":"2021-02-10T17:35:15","guid":{"rendered":"https:\/\/kus-karla.it-devel.de\/?page_id=311"},"modified":"2023-05-03T13:59:27","modified_gmt":"2023-05-03T13:59:27","slug":"abonnement","status":"publish","type":"page","link":"https:\/\/kus-karla.it-devel.de\/?page_id=311","title":{"rendered":"Abonnement"},"content":{"rendered":"\n<p>Wenn ihr Lust habt immer \u00fcbers neuste  informiert zu sein, k\u00f6nnt ihr nun den Blog abonnieren, sodass man bei neuen Beitr\u00e4gen eine Benachrichtigung bekommt. Das sollte nun hiemit gehen, indem ihr einfach eure E-Mail-Adresse angebt. Und es ist nat\u00fcrlich alles kostenlos und wieder abbestellbar. Eventuell landet die Mail bei euch im Spamordner, dann m\u00fcsst ihr die E-Mail-Adresse auf eure Whitelist setzen.  <\/p>\n\n\n                                <div class=\"stc-subscribe-wrapper well\">\n\t\t\t\t\t\t\t\t                                        <form role=\"form\" method=\"post\">\n                                                <div class=\"stc-email-field\">\n                                                <label class=\"stc-categories-label-title\" for=\"stc-email\">E-Mail-Adresse: <\/label>\n                                                <input type=\"text\" id=\"stc-email\" class=\"form-control\"  name=\"stc_email\" value=\"\" ><\/div><br>\n                                                 \n                                                                                                                <div class=\"stc-checkbox\">\n\t\t\t\t\t\t\t<label class=\"stc-categories-label\">\n\t\t\t\t\t\t\t\t<input type=\"checkbox\" id=\"stc-unsubscribe-checkbox\" name=\"stc-unsubscribe\" value=\"1\"  >\n\t\t\t\t\t\t\t\tAbonnement abbestellen\t\t\t\t\t\t\t<\/label>\n                                                        <\/div>\n                                                                                                <div class=\"stc-categories\">\n\t\t\t\t\t\t\t\t\t\t\t\t\t\t\t                                                                                                                                                        <label class=\"stc-categories-label-title\">Kategorien\/Taxonomien<\/label>\n                                                                        \t\t\t\t\t\t\t\t\t\t\t\t\t\t\t\t\t\t\t<div class=\"stc-checkbox\">\n\t\t\t\t\t\t\t\t\t\t\t<label class=\"stc-categories-label\">\n\t\t\t\t\t\t\t\t\t\t\t\t<input type=\"checkbox\" id=\"stc-all-categories\" name=\"stc_all_categories\" value=\"1\">\n\t\t\t\t\t\t\t\t\t\t\t\tAlle Kategorien\t\t\t\t\t\t\t\t\t\t\t<\/label>\n\t\t\t\t\t\t\t\t\t\t<\/div>\n\t\t\t\t\t\t\t\t\t\t\t\t\t\t\t\t\t\t\t\t\t\t\t\t\t<div class=\"stc-categories-checkboxes\">\n\t\t\t\t\t\t\t\t\t                                                                                                                                                                        <ul class= \"stcUL\" >\n                                                                                                <li><span class=stc-caret><\/span><label class=\"stc-categories-label\">Kategorien<\/label>\n                 <ul class=stc-nested><li>\n                          <label class=\"stc-categories-label\">\n                            <input type=\"checkbox\" name=\"stc_categories[]\"  value=\"22\">\n                            Gr\u00fc\u00dfe in die andere Richtung                          <\/label>\n                        <\/li><li>\n                          <label class=\"stc-categories-label\">\n                            <input type=\"checkbox\" name=\"stc_categories[]\"  value=\"20\">\n                            Probet\u00f6rn                          <\/label>\n                        <\/li><li>\n                          <label class=\"stc-categories-label\">\n                            <input type=\"checkbox\" name=\"stc_categories[]\"  value=\"1\">\n                            Uncategorized                          <\/label>\n                        <\/li><\/ul><\/li>                                                                                        <\/ul>\n                                                                                \t\t\t\t\t\t\t\t\t\t\t\t\t\t\t\t\t<\/div><!-- .stc-categories-checkboxes -->\n\t\t\t\t\t\t\t\t\t\t\t\t\t<\/div><!-- .stc-categories -->\n\t\t\t\t\t\t<input type=\"hidden\" name=\"action\" value=\"stc_subscribe_me\"\/>\n\t\t\t\t\t\t<input type=\"hidden\" id=\"stc_nonce\" name=\"stc_nonce\" value=\"0bd978b9d1\" \/><input type=\"hidden\" name=\"_wp_http_referer\" value=\"\/index.php?rest_route=%2Fwp%2Fv2%2Fpages%2F311\" \/>                                                        <button id=\"stc-update-btn\" type=\"submit\" class=\"btn btn-default\" style=\"display:none;\"><strong>Abonnement aktualisieren<\/strong><\/button>\n                                                        <button id=\"stc-subscribe-btn\" type=\"submit\" class=\"btn btn-default\"><strong>Abonniere mich<\/strong><\/button>\n                                                        <button id=\"stc-unsubscribe-btn\" type=\"submit\" class=\"btn btn-default\" style=\"display:none;\"><strong>Abonnement abbestellen<\/strong><\/button>\n                                                                                        <\/form>\n\t\t\t\t\t\t\t<\/div><!-- .stc-subscribe-wrapper -->\n\t\t\n\n\n\n<p><\/p>\n","protected":false},"excerpt":{"rendered":"<p>Wenn ihr Lust habt immer \u00fcbers neuste informiert zu sein, k\u00f6nnt ihr nun den Blog abonnieren, sodass man bei neuen Beitr\u00e4gen eine Benachrichtigung bekommt. Das sollte nun hiemit gehen, indem ihr einfach eure E-Mail-Adresse angebt. Und es ist nat\u00fcrlich alles kostenlos und wieder abbestellbar. Eventuell landet die Mail bei euch im Spamordner, dann m\u00fcsst ihr&hellip;&nbsp;<a href=\"https:\/\/kus-karla.it-devel.de\/?page_id=311\" class=\"\" rel=\"bookmark\">Weiterlesen &raquo;<span class=\"screen-reader-text\">Abonnement<\/span><\/a><\/p>\n","protected":false},"author":2,"featured_media":0,"parent":0,"menu_order":0,"comment_status":"closed","ping_status":"closed","template":"","meta":{"_stc_notifier_status":"","_stc_notifier_sent_time":"","_stc_notifier_request":false,"_stc_notifier_prevent":false,"_stc_subscriber_keywords":"","_stc_subscriber_search_areas":"","ngg_post_thumbnail":0,"neve_meta_sidebar":"full-width","neve_meta_container":"","neve_meta_enable_content_width":"on","neve_meta_content_width":100,"neve_meta_title_alignment":"","neve_meta_author_avatar":"","neve_post_elements_order":"","neve_meta_disable_header":"","neve_meta_disable_footer":"","neve_meta_disable_title":"","_ti_tpc_template_sync":false,"_ti_tpc_template_id":""},"uagb_featured_image_src":{"full":false,"thumbnail":false,"medium":false,"medium_large":false,"large":false,"1536x1536":false,"2048x2048":false,"neve-blog":false},"uagb_author_info":{"display_name":"culix","author_link":"https:\/\/kus-karla.it-devel.de\/?author=2"},"uagb_comment_info":0,"uagb_excerpt":"Wenn ihr Lust habt immer \u00fcbers neuste informiert zu sein, k\u00f6nnt ihr nun den Blog abonnieren, sodass man bei neuen Beitr\u00e4gen eine Benachrichtigung bekommt. Das sollte nun hiemit gehen, indem ihr einfach eure E-Mail-Adresse angebt. Und es ist nat\u00fcrlich alles kostenlos und wieder abbestellbar. Eventuell landet die Mail bei euch im Spamordner, dann m\u00fcsst ihr&hellip;&nbsp;Weiterlesen&hellip;","_links":{"self":[{"href":"https:\/\/kus-karla.it-devel.de\/index.php?rest_route=\/wp\/v2\/pages\/311"}],"collection":[{"href":"https:\/\/kus-karla.it-devel.de\/index.php?rest_route=\/wp\/v2\/pages"}],"about":[{"href":"https:\/\/kus-karla.it-devel.de\/index.php?rest_route=\/wp\/v2\/types\/page"}],"author":[{"embeddable":true,"href":"https:\/\/kus-karla.it-devel.de\/index.php?rest_route=\/wp\/v2\/users\/2"}],"replies":[{"embeddable":true,"href":"https:\/\/kus-karla.it-devel.de\/index.php?rest_route=%2Fwp%2Fv2%2Fcomments&post=311"}],"version-history":[{"count":7,"href":"https:\/\/kus-karla.it-devel.de\/index.php?rest_route=\/wp\/v2\/pages\/311\/revisions"}],"predecessor-version":[{"id":616,"href":"https:\/\/kus-karla.it-devel.de\/index.php?rest_route=\/wp\/v2\/pages\/311\/revisions\/616"}],"wp:attachment":[{"href":"https:\/\/kus-karla.it-devel.de\/index.php?rest_route=%2Fwp%2Fv2%2Fmedia&parent=311"}],"curies":[{"name":"wp","href":"https:\/\/api.w.org\/{rel}","templated":true}]}}