{"id":16,"date":"2021-01-25T14:58:47","date_gmt":"2021-01-25T14:58:47","guid":{"rendered":"https:\/\/mira.it-devel.de\/?page_id=16"},"modified":"2023-05-21T18:41:24","modified_gmt":"2023-05-21T18:41:24","slug":"about","status":"publish","type":"page","link":"https:\/\/kus-karla.it-devel.de\/?page_id=16","title":{"rendered":"\u00dcber mich"},"content":{"rendered":"\n<div class=\"wp-block-columns\">\n<div class=\"wp-block-column\">\n<figure class=\"wp-block-image size-large is-style-default\"><img loading=\"lazy\" width=\"880\" height=\"792\" src=\"https:\/\/kus-karla.it-devel.de\/wp-content\/uploads\/2023\/04\/Bild_ich_vonMT_Garten2.jpg\" alt=\"\" class=\"wp-image-520\" srcset=\"https:\/\/kus-karla.it-devel.de\/wp-content\/uploads\/2023\/04\/Bild_ich_vonMT_Garten2.jpg 880w, https:\/\/kus-karla.it-devel.de\/wp-content\/uploads\/2023\/04\/Bild_ich_vonMT_Garten2-300x270.jpg 300w, https:\/\/kus-karla.it-devel.de\/wp-content\/uploads\/2023\/04\/Bild_ich_vonMT_Garten2-768x691.jpg 768w\" sizes=\"(max-width: 880px) 100vw, 880px\" \/><\/figure>\n<\/div>\n\n\n\n<div class=\"wp-block-column\">\n<h2>Zuerts m\u00f6chte ich mich kurz vorstellen:<\/h2>\n\n\n\n<h5>Hall\u00f6chen,<\/h5>\n\n\n\n<p>Ich bin 15 Jahre alt und gehe in die 10. Klasse. Doch schon im Oktober m\u00f6chte ich mein Klassenzimmer durch einen Dreimaster-Traditionssegler eintauschen.<\/p>\n\n\n\n<p>In diesem Blog m\u00f6chte ich euch das Projekt, bei dem ich mich beworben habe, vorstellen. Wenn ihr von dem Projekt genauso begeistert seit wie ich, w\u00fcrde ich mich \u00fcber eine kleine Spende freuen, schlie\u00dflich ist das Projekt nicht ganz billig.<\/p>\n\n\n\n<p>Viel Spa\u00df beim Durchst\u00f6bern meiner Website<br>Karla<\/p>\n<\/div>\n<\/div>\n","protected":false},"excerpt":{"rendered":"<p>Zuerts m\u00f6chte ich mich kurz vorstellen: Hall\u00f6chen, Ich bin 15 Jahre alt und gehe in die 10. Klasse. Doch schon im Oktober m\u00f6chte ich mein Klassenzimmer durch einen Dreimaster-Traditionssegler eintauschen. In diesem Blog m\u00f6chte ich euch das Projekt, bei dem ich mich beworben habe, vorstellen. Wenn ihr von dem Projekt genauso begeistert seit wie ich,&hellip;&nbsp;<a href=\"https:\/\/kus-karla.it-devel.de\/?page_id=16\" class=\"\" rel=\"bookmark\">Weiterlesen &raquo;<span class=\"screen-reader-text\">\u00dcber mich<\/span><\/a><\/p>\n","protected":false},"author":1,"featured_media":0,"parent":0,"menu_order":0,"comment_status":"closed","ping_status":"closed","template":"","meta":{"_stc_notifier_status":"","_stc_notifier_sent_time":"","_stc_notifier_request":false,"_stc_notifier_prevent":false,"_stc_subscriber_keywords":"","_stc_subscriber_search_areas":"","ngg_post_thumbnail":0,"neve_meta_sidebar":"","neve_meta_container":"","neve_meta_enable_content_width":"","neve_meta_content_width":0,"neve_meta_title_alignment":"","neve_meta_author_avatar":"","neve_post_elements_order":"","neve_meta_disable_header":"","neve_meta_disable_footer":"","neve_meta_disable_title":"","_ti_tpc_template_sync":false,"_ti_tpc_template_id":""},"uagb_featured_image_src":{"full":false,"thumbnail":false,"medium":false,"medium_large":false,"large":false,"1536x1536":false,"2048x2048":false,"neve-blog":false},"uagb_author_info":{"display_name":"miraadmin","author_link":"https:\/\/kus-karla.it-devel.de\/?author=1"},"uagb_comment_info":0,"uagb_excerpt":"Zuerts m\u00f6chte ich mich kurz vorstellen: Hall\u00f6chen, Ich bin 15 Jahre alt und gehe in die 10. Klasse. Doch schon im Oktober m\u00f6chte ich mein Klassenzimmer durch einen Dreimaster-Traditionssegler eintauschen. In diesem Blog m\u00f6chte ich euch das Projekt, bei dem ich mich beworben habe, vorstellen. Wenn ihr von dem Projekt genauso begeistert seit wie ich,&hellip;&nbsp;Weiterlesen&hellip;","_links":{"self":[{"href":"https:\/\/kus-karla.it-devel.de\/index.php?rest_route=\/wp\/v2\/pages\/16"}],"collection":[{"href":"https:\/\/kus-karla.it-devel.de\/index.php?rest_route=\/wp\/v2\/pages"}],"about":[{"href":"https:\/\/kus-karla.it-devel.de\/index.php?rest_route=\/wp\/v2\/types\/page"}],"author":[{"embeddable":true,"href":"https:\/\/kus-karla.it-devel.de\/index.php?rest_route=\/wp\/v2\/users\/1"}],"replies":[{"embeddable":true,"href":"https:\/\/kus-karla.it-devel.de\/index.php?rest_route=%2Fwp%2Fv2%2Fcomments&post=16"}],"version-history":[{"count":10,"href":"https:\/\/kus-karla.it-devel.de\/index.php?rest_route=\/wp\/v2\/pages\/16\/revisions"}],"predecessor-version":[{"id":623,"href":"https:\/\/kus-karla.it-devel.de\/index.php?rest_route=\/wp\/v2\/pages\/16\/revisions\/623"}],"wp:attachment":[{"href":"https:\/\/kus-karla.it-devel.de\/index.php?rest_route=%2Fwp%2Fv2%2Fmedia&parent=16"}],"curies":[{"name":"wp","href":"https:\/\/api.w.org\/{rel}","templated":true}]}}