{"id":125,"date":"2021-01-25T21:17:08","date_gmt":"2021-01-25T21:17:08","guid":{"rendered":"https:\/\/kus-karla.it-devel.de\/?page_id=125"},"modified":"2023-05-28T13:07:20","modified_gmt":"2023-05-28T13:07:20","slug":"impressum","status":"publish","type":"page","link":"https:\/\/kus-karla.it-devel.de\/?page_id=125","title":{"rendered":"Impressum"},"content":{"rendered":"\n<p class=\"has-medium-font-size\">Karla Wagner<\/p>\n\n\n\n<p>Roter Buckel 4<br>69126 Heidelberg<\/p>\n\n\n\n<p class=\"has-neve-link-color-color has-text-color\">immerMupfe[\u00e4t]gmx.de<\/p>\n\n\n\n<p>Inhaltlich Verantwortlicher gem\u00e4\u00df \u00a7 10 Absatz 3 MDStV: Karla Wagner (Anschrift wie oben)<\/p>\n\n\n\n<p>Haftungshinweis: Trotz sorgf\u00e4ltiger inhaltlicher Kontrolle \u00fcbernehmen wir keine Haftung f\u00fcr die Inhalte externer Links. F\u00fcr den Inhalt der verlinkten Seiten sind ausschlie\u00dflich deren Betreiber verantwortlich.<\/p>\n","protected":false},"excerpt":{"rendered":"<p>Karla Wagner Roter Buckel 469126 Heidelberg immerMupfe[\u00e4t]gmx.de Inhaltlich Verantwortlicher gem\u00e4\u00df \u00a7 10 Absatz 3 MDStV: Karla Wagner (Anschrift wie oben) Haftungshinweis: Trotz sorgf\u00e4ltiger inhaltlicher Kontrolle \u00fcbernehmen wir keine Haftung f\u00fcr die Inhalte externer Links. F\u00fcr den Inhalt der verlinkten Seiten sind ausschlie\u00dflich deren Betreiber verantwortlich.<\/p>\n","protected":false},"author":3,"featured_media":0,"parent":0,"menu_order":0,"comment_status":"closed","ping_status":"closed","template":"","meta":{"_stc_notifier_status":"","_stc_notifier_sent_time":"","_stc_notifier_request":false,"_stc_notifier_prevent":false,"_stc_subscriber_keywords":"","_stc_subscriber_search_areas":"","ngg_post_thumbnail":0,"neve_meta_sidebar":"full-width","neve_meta_container":"","neve_meta_enable_content_width":"on","neve_meta_content_width":100,"neve_meta_title_alignment":"","neve_meta_author_avatar":"","neve_post_elements_order":"","neve_meta_disable_header":"","neve_meta_disable_footer":"","neve_meta_disable_title":"","_ti_tpc_template_sync":false,"_ti_tpc_template_id":""},"uagb_featured_image_src":{"full":false,"thumbnail":false,"medium":false,"medium_large":false,"large":false,"1536x1536":false,"2048x2048":false,"neve-blog":false},"uagb_author_info":{"display_name":"Karla","author_link":"https:\/\/kus-karla.it-devel.de\/?author=3"},"uagb_comment_info":0,"uagb_excerpt":"Karla Wagner Roter Buckel 469126 Heidelberg immerMupfe[\u00e4t]gmx.de Inhaltlich Verantwortlicher gem\u00e4\u00df \u00a7 10 Absatz 3 MDStV: Karla Wagner (Anschrift wie oben) Haftungshinweis: Trotz sorgf\u00e4ltiger inhaltlicher Kontrolle \u00fcbernehmen wir keine Haftung f\u00fcr die Inhalte externer Links. F\u00fcr den Inhalt der verlinkten Seiten sind ausschlie\u00dflich deren Betreiber verantwortlich.","_links":{"self":[{"href":"https:\/\/kus-karla.it-devel.de\/index.php?rest_route=\/wp\/v2\/pages\/125"}],"collection":[{"href":"https:\/\/kus-karla.it-devel.de\/index.php?rest_route=\/wp\/v2\/pages"}],"about":[{"href":"https:\/\/kus-karla.it-devel.de\/index.php?rest_route=\/wp\/v2\/types\/page"}],"author":[{"embeddable":true,"href":"https:\/\/kus-karla.it-devel.de\/index.php?rest_route=\/wp\/v2\/users\/3"}],"replies":[{"embeddable":true,"href":"https:\/\/kus-karla.it-devel.de\/index.php?rest_route=%2Fwp%2Fv2%2Fcomments&post=125"}],"version-history":[{"count":6,"href":"https:\/\/kus-karla.it-devel.de\/index.php?rest_route=\/wp\/v2\/pages\/125\/revisions"}],"predecessor-version":[{"id":642,"href":"https:\/\/kus-karla.it-devel.de\/index.php?rest_route=\/wp\/v2\/pages\/125\/revisions\/642"}],"wp:attachment":[{"href":"https:\/\/kus-karla.it-devel.de\/index.php?rest_route=%2Fwp%2Fv2%2Fmedia&parent=125"}],"curies":[{"name":"wp","href":"https:\/\/api.w.org\/{rel}","templated":true}]}}